{"id":955,"date":"2025-09-04T13:39:19","date_gmt":"2025-09-04T13:39:19","guid":{"rendered":"https:\/\/meditrade.net\/?page_id=955"},"modified":"2025-10-26T01:40:51","modified_gmt":"2025-10-26T01:40:51","slug":"senator-rosner-foundation","status":"publish","type":"page","link":"https:\/\/at.meditrade.net\/en\/senator-rosner-foundation\/","title":{"rendered":"Senator R\u00f6sner Foundation"},"content":{"rendered":"<div data-elementor-type=\"wp-page\" data-elementor-id=\"955\" class=\"elementor elementor-955\">\n\t\t\t\t<div class=\"elementor-element elementor-element-3eeb63a vertical-padding side-padding section-height e-flex e-con-boxed e-con e-parent\" data-id=\"3eeb63a\" data-element_type=\"container\" data-e-type=\"container\" data-settings=\"{&quot;background_background&quot;:&quot;classic&quot;}\">\n\t\t\t\t\t<div class=\"e-con-inner\">\n\t\t<div class=\"elementor-element elementor-element-6cb4004 e-con-full e-flex e-con e-child\" data-id=\"6cb4004\" data-element_type=\"container\" data-e-type=\"container\">\n\t\t\t\t<div class=\"elementor-element elementor-element-fdd6095 Hero-Second-Layout-Design-Content-Title Font-Size-70 elementor-widget elementor-widget-heading\" data-id=\"fdd6095\" data-element_type=\"widget\" data-e-type=\"widget\" data-widget_type=\"heading.default\">\n\t\t\t\t\t<h1 class=\"elementor-heading-title elementor-size-default\">Senator R\u00f6sner\nFoundation<\/h1>\t\t\t\t<\/div>\n\t\t\t\t<div class=\"elementor-element elementor-element-f7d2dd4 elementor-widget elementor-widget-text-editor\" data-id=\"f7d2dd4\" data-element_type=\"widget\" data-e-type=\"widget\" data-widget_type=\"text-editor.default\">\n\t\t\t\t\t\t\t\t\t<p>The Senator R\u00f6sner Foundation is a charitable organisation that was founded by Meditrade Group CEO Peter R\u00f6sner and his wife Eveline R\u00f6sner.<\/p>\t\t\t\t\t\t\t\t<\/div>\n\t\t\t\t<div class=\"elementor-element elementor-element-8a5c0a3 elementor-align-left open-popup elementor-widget elementor-widget-button\" data-id=\"8a5c0a3\" data-element_type=\"widget\" data-e-type=\"widget\" data-widget_type=\"button.default\">\n\t\t\t\t\t\t\t\t\t\t<a class=\"elementor-button elementor-button-link elementor-size-sm\" href=\"#\">\n\t\t\t\t\t\t<span class=\"elementor-button-content-wrapper\">\n\t\t\t\t\t\t<span class=\"elementor-button-icon\">\n\t\t\t\t<svg aria-hidden=\"true\" class=\"e-font-icon-svg e-fas-chevron-right\" viewbox=\"0 0 320 512\" xmlns=\"http:\/\/www.w3.org\/2000\/svg\"><path d=\"M285.476 272.971L91.132 467.314c-9.373 9.373-24.569 9.373-33.941 0l-22.667-22.667c-9.357-9.357-9.375-24.522-.04-33.901L188.505 256 34.484 101.255c-9.335-9.379-9.317-24.544.04-33.901l22.667-22.667c9.373-9.373 24.569-9.373 33.941 0L285.475 239.03c9.373 9.372 9.373 24.568.001 33.941z\"><\/path><\/svg>\t\t\t<\/span>\n\t\t\t\t\t\t\t\t\t<span class=\"elementor-button-text\">Request a quote<\/span>\n\t\t\t\t\t<\/span>\n\t\t\t\t\t<\/a>\n\t\t\t\t\t\t\t\t<\/div>\n\t\t\t\t<\/div>\n\t\t\t\t\t<\/div>\n\t\t\t\t<\/div>\n\t\t<div class=\"elementor-element elementor-element-b2e8b81 vertical-padding side-padding e-flex e-con-boxed e-con e-parent\" data-id=\"b2e8b81\" data-element_type=\"container\" data-e-type=\"container\">\n\t\t\t\t\t<div class=\"e-con-inner\">\n\t\t\t\t<div class=\"elementor-element elementor-element-7a5f647 image-style elementor-widget__width-initial elementor-widget elementor-widget-image\" data-id=\"7a5f647\" data-element_type=\"widget\" data-e-type=\"widget\" data-widget_type=\"image.default\">\n\t\t\t\t\t\t\t\t\t\t\t\t\t\t\t<img fetchpriority=\"high\" decoding=\"async\" width=\"975\" height=\"733\" src=\"https:\/\/at.meditrade.net\/wp-content\/uploads\/2025\/09\/webpc-passthru-11.webp\" class=\"attachment-large size-large wp-image-1198\" alt=\"\" srcset=\"https:\/\/at.meditrade.net\/wp-content\/uploads\/2025\/09\/webpc-passthru-11.webp 975w, https:\/\/at.meditrade.net\/wp-content\/uploads\/2025\/09\/webpc-passthru-11-300x226.webp 300w, https:\/\/at.meditrade.net\/wp-content\/uploads\/2025\/09\/webpc-passthru-11-768x577.webp 768w\" sizes=\"(max-width: 975px) 100vw, 975px\" \/>\t\t\t\t\t\t\t\t\t\t\t\t\t\t\t<\/div>\n\t\t<div class=\"elementor-element elementor-element-d55e279 e-con-full content-container-style e-flex e-con e-child\" data-id=\"d55e279\" data-element_type=\"container\" data-e-type=\"container\" id=\"flex-basis-style\">\n\t\t\t\t<div class=\"elementor-element elementor-element-63a164b elementor-widget elementor-widget-heading\" data-id=\"63a164b\" data-element_type=\"widget\" data-e-type=\"widget\" data-widget_type=\"heading.default\">\n\t\t\t\t\t<h2 class=\"elementor-heading-title elementor-size-default\">Touch. Help. Create opportunities\n<\/h2>\t\t\t\t<\/div>\n\t\t\t\t<div class=\"elementor-element elementor-element-fec64ed elementor-widget elementor-widget-text-editor\" data-id=\"fec64ed\" data-element_type=\"widget\" data-e-type=\"widget\" data-widget_type=\"text-editor.default\">\n\t\t\t\t\t\t\t\t\t<div class=\"chess-item_content font-s-18\"><p><strong>The Senator R\u00f6sner Foundation is a charitable organisation that was founded by Meditrade Group CEO Peter R\u00f6sner and his wife Eveline R\u00f6sner and named after Hans-Hermann R\u00f6sner-Mautby, honorary senator of the Ludwig-Maximilian University in Munich.<\/strong><br \/><strong>The foundation mission is to cure cancer by supporting cancer research and individuals affected by the devastating disease.<\/strong><\/p><\/div>\t\t\t\t\t\t\t\t<\/div>\n\t\t\t\t<div class=\"elementor-element elementor-element-2e77382 elementor-widget elementor-widget-text-editor\" data-id=\"2e77382\" data-element_type=\"widget\" data-e-type=\"widget\" data-widget_type=\"text-editor.default\">\n\t\t\t\t\t\t\t\t\t<div class=\"chess-item_content font-s-18\">The foundation's journey started over 25 years ago, and it had since become an inspiring source of hope for those battling with cancer. With a wide range of activities, the Senator R\u00f6sner Foundation collected funds to assist people who are facing unexpected financial and social challenges due to their fight with the decease.<\/div>\t\t\t\t\t\t\t\t<\/div>\n\t\t\t\t<\/div>\n\t\t\t\t\t<\/div>\n\t\t\t\t<\/div>\n\t\t<div class=\"elementor-element elementor-element-11029bb vertical-padding side-padding e-flex e-con-boxed e-con e-parent\" data-id=\"11029bb\" data-element_type=\"container\" data-e-type=\"container\" data-settings=\"{&quot;background_background&quot;:&quot;classic&quot;}\">\n\t\t\t\t\t<div class=\"e-con-inner\">\n\t\t<div class=\"elementor-element elementor-element-4406cda e-con-full e-flex e-con e-child\" data-id=\"4406cda\" data-element_type=\"container\" data-e-type=\"container\" data-settings=\"{&quot;background_background&quot;:&quot;classic&quot;}\">\n\t\t<div class=\"elementor-element elementor-element-8c9e542 e-con-full banner-image-text e-flex e-con e-child\" data-id=\"8c9e542\" data-element_type=\"container\" data-e-type=\"container\">\n\t\t\t\t<div class=\"elementor-element elementor-element-8b712fa elementor-widget elementor-widget-heading\" data-id=\"8b712fa\" data-element_type=\"widget\" data-e-type=\"widget\" data-widget_type=\"heading.default\">\n\t\t\t\t\t<span class=\"elementor-heading-title elementor-size-default\">touch<\/span>\t\t\t\t<\/div>\n\t\t\t\t<div class=\"elementor-element elementor-element-3ce3973 elementor-widget elementor-widget-heading\" data-id=\"3ce3973\" data-element_type=\"widget\" data-e-type=\"widget\" data-widget_type=\"heading.default\">\n\t\t\t\t\t<h2 class=\"elementor-heading-title elementor-size-default\">Touching Lives: The Senator R\u00f6sner Foundation's Impact on Individuals Affected by Cancer\n<\/h2>\t\t\t\t<\/div>\n\t\t\t\t<\/div>\n\t\t\t\t<\/div>\n\t\t<div class=\"elementor-element elementor-element-e0d5084 e-con-full e-flex e-con e-child\" data-id=\"e0d5084\" data-element_type=\"container\" data-e-type=\"container\">\n\t\t<div class=\"elementor-element elementor-element-16ffa36 e-con-full srf-third-section-content e-flex e-con e-child\" data-id=\"16ffa36\" data-element_type=\"container\" data-e-type=\"container\">\n\t\t\t\t<div class=\"elementor-element elementor-element-bd67161 elementor-widget elementor-widget-text-editor\" data-id=\"bd67161\" data-element_type=\"widget\" data-e-type=\"widget\" data-widget_type=\"text-editor.default\">\n\t\t\t\t\t\t\t\t\t<p>The foundation's impact resonated widely, reaching the lives of individuals who needed immediate assistance. Through their initiative called \u201eLeben mit Krebs\u201c (Living with Cancer), they provided rapid and straightforward aid to those grappling with the financial and social consequences of cancer. With every helping hand extended, they aimed to alleviate the burdens and brighten the lives of those they touched.<\/p>\t\t\t\t\t\t\t\t<\/div>\n\t\t\t\t<\/div>\n\t\t<div class=\"elementor-element elementor-element-93f676e e-con-full srf-third-section-content e-flex e-con e-child\" data-id=\"93f676e\" data-element_type=\"container\" data-e-type=\"container\">\n\t\t\t\t<div class=\"elementor-element elementor-element-ba1f782 elementor-widget elementor-widget-text-editor\" data-id=\"ba1f782\" data-element_type=\"widget\" data-e-type=\"widget\" data-widget_type=\"text-editor.default\">\n\t\t\t\t\t\t\t\t\t<p>Driven by their unwavering commitment, the Senator R\u00f6sner Foundation fostered strong connections with major oncological centres in Munich and Bavaria. Through these relationships, they maintained regular contact with scientists and researchers who tirelessly pushed the boundaries of medical knowledge. The foundation's financial support for research and development further fueled the advancements in cancer treatments, paving the way for a better tomorrow.<\/p>\t\t\t\t\t\t\t\t<\/div>\n\t\t\t\t<\/div>\n\t\t\t\t<\/div>\n\t\t\t\t\t<\/div>\n\t\t\t\t<\/div>\n\t\t<div class=\"elementor-element elementor-element-96d016e vertical-padding side-padding e-flex e-con-boxed e-con e-parent\" data-id=\"96d016e\" data-element_type=\"container\" data-e-type=\"container\">\n\t\t\t\t\t<div class=\"e-con-inner\">\n\t\t<div class=\"elementor-element elementor-element-f0f9704 e-con-full e-flex e-con e-child\" data-id=\"f0f9704\" data-element_type=\"container\" data-e-type=\"container\">\n\t\t\t\t<div class=\"elementor-element elementor-element-bdf0918 elementor-widget elementor-widget-heading\" data-id=\"bdf0918\" data-element_type=\"widget\" data-e-type=\"widget\" data-widget_type=\"heading.default\">\n\t\t\t\t\t<span class=\"elementor-heading-title elementor-size-default\">Help\n<\/span>\t\t\t\t<\/div>\n\t\t\t\t<div class=\"elementor-element elementor-element-6445199 elementor-widget elementor-widget-heading\" data-id=\"6445199\" data-element_type=\"widget\" data-e-type=\"widget\" data-widget_type=\"heading.default\">\n\t\t\t\t\t<h2 class=\"elementor-heading-title elementor-size-default\">Helping others\n<\/h2>\t\t\t\t<\/div>\n\t\t\t\t<\/div>\n\t\t<div class=\"elementor-element elementor-element-0fc9357 e-con-full e-flex e-con e-child\" data-id=\"0fc9357\" data-element_type=\"container\" data-e-type=\"container\">\n\t\t<div class=\"elementor-element elementor-element-357dda4 e-con-full srf-third-section-content e-flex e-con e-child\" data-id=\"357dda4\" data-element_type=\"container\" data-e-type=\"container\">\n\t\t<div class=\"elementor-element elementor-element-2d2fe1e e-con-full e-flex e-con e-child\" data-id=\"2d2fe1e\" data-element_type=\"container\" data-e-type=\"container\">\n\t\t\t\t<div class=\"elementor-element elementor-element-c2161c0 elementor-widget__width-initial elementor-widget-divider--view-line elementor-widget elementor-widget-divider\" data-id=\"c2161c0\" data-element_type=\"widget\" data-e-type=\"widget\" data-widget_type=\"divider.default\">\n\t\t\t\t\t\t\t<div class=\"elementor-divider\">\n\t\t\t<span class=\"elementor-divider-separator\">\n\t\t\t\t\t\t<\/span>\n\t\t<\/div>\n\t\t\t\t\t\t<\/div>\n\t\t\t\t<div class=\"elementor-element elementor-element-b3d0921 text-line-before-style elementor-widget elementor-widget-heading\" data-id=\"b3d0921\" data-element_type=\"widget\" data-e-type=\"widget\" data-widget_type=\"heading.default\">\n\t\t\t\t\t<h3 class=\"elementor-heading-title elementor-size-default\">Charity run\n<\/h3>\t\t\t\t<\/div>\n\t\t\t\t<\/div>\n\t\t\t\t<div class=\"elementor-element elementor-element-b0fc973 elementor-widget elementor-widget-text-editor\" data-id=\"b0fc973\" data-element_type=\"widget\" data-e-type=\"widget\" data-widget_type=\"text-editor.default\">\n\t\t\t\t\t\t\t\t\t<p>But the foundation's impact was not limited to research and support. Realising the importance of the spirit of community and engagement, the Senator Rosner foundation with the patronage of FIS World Champion Felix Neureuther initiated a charity run, attracting participants from all corners of Germany. In a display of unwavering determination, nearly 800 runners covered an astounding distance of 6,756 kilometres in just one year. Their efforts not only broke records but also amassed a staggering sponsorship figure of \u20ac1,105,000. It was a testament to the power of unity and the collective will to make a difference.<\/p>\t\t\t\t\t\t\t\t<\/div>\n\t\t\t\t<\/div>\n\t\t<div class=\"elementor-element elementor-element-a7c746c e-con-full srf-third-section-content e-flex e-con e-child\" data-id=\"a7c746c\" data-element_type=\"container\" data-e-type=\"container\">\n\t\t<div class=\"elementor-element elementor-element-172c347 e-con-full e-flex e-con e-child\" data-id=\"172c347\" data-element_type=\"container\" data-e-type=\"container\">\n\t\t\t\t<div class=\"elementor-element elementor-element-4d35591 elementor-widget__width-initial elementor-widget-divider--view-line elementor-widget elementor-widget-divider\" data-id=\"4d35591\" data-element_type=\"widget\" data-e-type=\"widget\" data-widget_type=\"divider.default\">\n\t\t\t\t\t\t\t<div class=\"elementor-divider\">\n\t\t\t<span class=\"elementor-divider-separator\">\n\t\t\t\t\t\t<\/span>\n\t\t<\/div>\n\t\t\t\t\t\t<\/div>\n\t\t\t\t<div class=\"elementor-element elementor-element-b576d3d text-line-before-style elementor-widget elementor-widget-heading\" data-id=\"b576d3d\" data-element_type=\"widget\" data-e-type=\"widget\" data-widget_type=\"heading.default\">\n\t\t\t\t\t<h3 class=\"elementor-heading-title elementor-size-default\">SOS Children's Villages\n<\/h3>\t\t\t\t<\/div>\n\t\t\t\t<\/div>\n\t\t\t\t<div class=\"elementor-element elementor-element-a5c8941 elementor-widget elementor-widget-text-editor\" data-id=\"a5c8941\" data-element_type=\"widget\" data-e-type=\"widget\" data-widget_type=\"text-editor.default\">\n\t\t\t\t\t\t\t\t\t<p>In their pursuit of creating positive change, the Senator R\u00f6sner Foundation transcended borders. Through a special bond between the R\u00f6sner family and Diana Langes-Swarovski, they embarked on a pioneering aid project with SOS Children's Villages. This remarkable initiative extended support to children and young people facing life crises, offering care and assistance that went beyond mere sporting development.<\/p>\t\t\t\t\t\t\t\t<\/div>\n\t\t\t\t<\/div>\n\t\t\t\t<\/div>\n\t\t\t\t\t<\/div>\n\t\t\t\t<\/div>\n\t\t<div class=\"elementor-element elementor-element-e17703e vertical-padding side-padding e-flex e-con-boxed e-con e-parent\" data-id=\"e17703e\" data-element_type=\"container\" data-e-type=\"container\" data-settings=\"{&quot;background_background&quot;:&quot;classic&quot;}\">\n\t\t\t\t\t<div class=\"e-con-inner\">\n\t\t<div class=\"elementor-element elementor-element-2419a8a e-con-full e-flex e-con e-child\" data-id=\"2419a8a\" data-element_type=\"container\" data-e-type=\"container\">\n\t\t<div class=\"elementor-element elementor-element-d139404 e-con-full content-container-style e-flex e-con e-child\" data-id=\"d139404\" data-element_type=\"container\" data-e-type=\"container\" id=\"flex-basis-style\">\n\t\t\t\t<div class=\"elementor-element elementor-element-1432add elementor-widget elementor-widget-heading\" data-id=\"1432add\" data-element_type=\"widget\" data-e-type=\"widget\" data-widget_type=\"heading.default\">\n\t\t\t\t\t<span class=\"elementor-heading-title elementor-size-default\">Creating opportunities\n<\/span>\t\t\t\t<\/div>\n\t\t\t\t<div class=\"elementor-element elementor-element-f402ee0 elementor-widget elementor-widget-heading\" data-id=\"f402ee0\" data-element_type=\"widget\" data-e-type=\"widget\" data-widget_type=\"heading.default\">\n\t\t\t\t\t<h2 class=\"elementor-heading-title elementor-size-default\">Empowering Cancer Research and Education\n<\/h2>\t\t\t\t<\/div>\n\t\t\t\t<div class=\"elementor-element elementor-element-6a21e1c elementor-widget elementor-widget-text-editor\" data-id=\"6a21e1c\" data-element_type=\"widget\" data-e-type=\"widget\" data-widget_type=\"text-editor.default\">\n\t\t\t\t\t\t\t\t\t<p>But the foundation's impact didn't stop there. Peter and Eveline R\u00f6sner believe in the power of knowledge and the importance of advancing cancer research. To reach their help further, they extended their support to the training and education of medical professionals, ensuring that the fight against cancer would be fought on all fronts.<\/p><p>One undertaking that exemplified their commitment was the HEAT study, led by the esteemed Prof. Dr med. Dipl.-Biochem. Rolf D. Issels at Munich University Hospital. This clinical research project focused on innovative approaches to pancreatic cancer, a disease that demanded urgent attention. The Senator R\u00f6sner Foundation provided funding to propel the study forward and bring hope to those affected by cancer.<\/p>\t\t\t\t\t\t\t\t<\/div>\n\t\t\t\t<\/div>\n\t\t\t\t<div class=\"elementor-element elementor-element-4dcf316 image-style elementor-widget__width-initial elementor-widget elementor-widget-image\" data-id=\"4dcf316\" data-element_type=\"widget\" data-e-type=\"widget\" data-widget_type=\"image.default\">\n\t\t\t\t\t\t\t\t\t\t\t\t\t\t\t<img decoding=\"async\" width=\"800\" height=\"600\" src=\"https:\/\/at.meditrade.net\/wp-content\/uploads\/2025\/09\/webpc-passthru-13.webp\" class=\"attachment-large size-large wp-image-1250\" alt=\"\" srcset=\"https:\/\/at.meditrade.net\/wp-content\/uploads\/2025\/09\/webpc-passthru-13.webp 800w, https:\/\/at.meditrade.net\/wp-content\/uploads\/2025\/09\/webpc-passthru-13-300x225.webp 300w, https:\/\/at.meditrade.net\/wp-content\/uploads\/2025\/09\/webpc-passthru-13-768x576.webp 768w\" sizes=\"(max-width: 800px) 100vw, 800px\" \/>\t\t\t\t\t\t\t\t\t\t\t\t\t\t\t<\/div>\n\t\t\t\t<\/div>\n\t\t<div class=\"elementor-element elementor-element-bd88ea0 e-con-full e-flex e-con e-child\" data-id=\"bd88ea0\" data-element_type=\"container\" data-e-type=\"container\" data-settings=\"{&quot;background_background&quot;:&quot;classic&quot;}\">\n\t\t\t\t<div class=\"elementor-element elementor-element-1918ee7 elementor-widget elementor-widget-heading\" data-id=\"1918ee7\" data-element_type=\"widget\" data-e-type=\"widget\" data-widget_type=\"heading.default\">\n\t\t\t\t\t<span class=\"elementor-heading-title elementor-size-default\">The story of the Senator R\u00f6sner Foundation continues to unfold, inspiring hope and bringing relief to those affected by cancer. It stands as a shining example of compassion, dedication, and the transformative power of collective action.\n<\/span>\t\t\t\t<\/div>\n\t\t\t\t<\/div>\n\t\t\t\t\t<\/div>\n\t\t\t\t<\/div>\n\t\t\t\t<\/div>","protected":false},"excerpt":{"rendered":"<p>Senator R\u00f6sner Foundation The Senator R\u00f6sner Foundation is a charitable organization that was founded by Meditrade Group CEO Peter R\u00f6sner and his wife Eveline R\u00f6sner. Request a quote Touch. Help. Create opportunities The Senator R\u00f6sner Foundation is a charitable organization that was founded by Meditrade Group CEO Peter R\u00f6sner and his wife Eveline R\u00f6sner and [&hellip;]<\/p>\n","protected":false},"author":3,"featured_media":0,"parent":0,"menu_order":0,"comment_status":"closed","ping_status":"closed","template":"","meta":{"_acf_changed":false,"footnotes":""},"class_list":["post-955","page","type-page","status-publish","hentry"],"acf":[],"_links":{"self":[{"href":"https:\/\/at.meditrade.net\/en\/wp-json\/wp\/v2\/pages\/955","targetHints":{"allow":["GET"]}}],"collection":[{"href":"https:\/\/at.meditrade.net\/en\/wp-json\/wp\/v2\/pages"}],"about":[{"href":"https:\/\/at.meditrade.net\/en\/wp-json\/wp\/v2\/types\/page"}],"author":[{"embeddable":true,"href":"https:\/\/at.meditrade.net\/en\/wp-json\/wp\/v2\/users\/3"}],"replies":[{"embeddable":true,"href":"https:\/\/at.meditrade.net\/en\/wp-json\/wp\/v2\/comments?post=955"}],"version-history":[{"count":5,"href":"https:\/\/at.meditrade.net\/en\/wp-json\/wp\/v2\/pages\/955\/revisions"}],"predecessor-version":[{"id":10101,"href":"https:\/\/at.meditrade.net\/en\/wp-json\/wp\/v2\/pages\/955\/revisions\/10101"}],"wp:attachment":[{"href":"https:\/\/at.meditrade.net\/en\/wp-json\/wp\/v2\/media?parent=955"}],"curies":[{"name":"wp","href":"https:\/\/api.w.org\/{rel}","templated":true}]}}